{"id":33,"date":"2021-01-15T12:45:48","date_gmt":"2021-01-15T09:45:48","guid":{"rendered":"http:\/\/mlc.com.tr\/tr\/?page_id=33"},"modified":"2021-10-07T17:09:52","modified_gmt":"2021-10-07T14:09:52","slug":"anasayfa","status":"publish","type":"page","link":"https:\/\/mlc.com.tr\/tr\/","title":{"rendered":"Anasayfa"},"content":{"rendered":"<p>[vc_row][vc_column width=&#8221;1\/2&#8243; css=&#8221;.vc_custom_1610802976963{margin-top: 50px !important;}&#8221;]<div id=\"ultimate-heading-253269e64f3ca74ea\" class=\"uvc-heading ult-adjust-bottom-margin ultimate-heading-253269e64f3ca74ea uvc-3641 \" data-hspacer=\"line_only\"  data-halign=\"left\" style=\"text-align:left\"><div class=\"uvc-main-heading ult-responsive\"  data-ultimate-target='.uvc-heading.ultimate-heading-253269e64f3ca74ea p'  data-responsive-json-new='{\"font-size\":\"desktop:45px;\",\"line-height\":\"desktop:50px;\"}' ><p style=\"font-weight:bold;color:#1e73be;\">Moonlight<\/p><\/div><div class=\"uvc-sub-heading ult-responsive\"  data-ultimate-target='.uvc-heading.ultimate-heading-253269e64f3ca74ea .uvc-sub-heading '  data-responsive-json-new='{\"font-size\":\"desktop:45px;\",\"line-height\":\"desktop:50px;\"}'  style=\"font-weight:normal;color:#cecece;\">Dan\u0131\u015fmanl\u0131k<\/div><div class=\"uvc-heading-spacer line_only\" style=\"margin-top:15px;margin-bottom:15px;height:1px;\"><span class=\"uvc-headings-line\" style=\"border-style:solid;border-bottom-width:1px;border-color:#1e73be;width:150px;\"><\/span><\/div><\/div>[vc_column_text]MLC Dan\u0131\u015fmanl\u0131k A.\u015e, 19.02.2019 y\u0131l\u0131nda kurulmu\u015f olup, marka ad\u0131 MOONLIGHT olan ve ticari alanda faaliyet g\u00f6steren bir t\u00fczel ki\u015fidir. MOONLIGHT, faaliyet konusunu \u015firket esas s\u00f6zle\u015fmesinden almaktad\u0131r. MOONLIGHT, yapt\u0131\u011f\u0131 dan\u0131\u015fmanl\u0131k hizmetinin hukuki boyutuna \u00e7ok \u00f6nem vermektedir. Bu nedenle MOONLIGHT, MLC Hukuk ve Dan\u0131\u015fmanl\u0131k B\u00fcrosu ile i\u015fbirli\u011fi yapmaktad\u0131r.[\/vc_column_text][vc_btn title=&#8221;Hakk\u0131m\u0131zda&#8221; style=&#8221;classic&#8221; color=&#8221;primary&#8221; link=&#8221;url:http%3A%2F%2Fmlc.com.tr%2Ftr%2Fhakkimizda%2F|title:ANASAYFA&#8221;][\/vc_column][vc_column width=&#8221;1\/2&#8243;][vc_single_image image=&#8221;102&#8243; img_size=&#8221;1262&#215;1087&#8243;][\/vc_column][\/vc_row][vc_row][vc_column]<div id=\"ultimate-heading-918069e64f3ca754f\" class=\"uvc-heading ult-adjust-bottom-margin ultimate-heading-918069e64f3ca754f uvc-8999 \" data-hspacer=\"line_only\"  data-halign=\"left\" style=\"text-align:left\"><div class=\"uvc-main-heading ult-responsive\"  data-ultimate-target='.uvc-heading.ultimate-heading-918069e64f3ca754f p'  data-responsive-json-new='{\"font-size\":\"desktop:45px;\",\"line-height\":\"desktop:50px;\"}' ><p style=\"font-weight:bold;color:#1e73be;\">Dan\u0131\u015fmanl\u0131k<\/p><\/div><div class=\"uvc-sub-heading ult-responsive\"  data-ultimate-target='.uvc-heading.ultimate-heading-918069e64f3ca754f .uvc-sub-heading '  data-responsive-json-new='{\"font-size\":\"desktop:45px;\",\"line-height\":\"desktop:50px;\"}'  style=\"font-weight:normal;color:#cecece;\">Hizmetlerimiz<\/div><div class=\"uvc-heading-spacer line_only\" style=\"margin-top:15px;margin-bottom:15px;height:1px;\"><span class=\"uvc-headings-line\" style=\"border-style:solid;border-bottom-width:1px;border-color:#1e73be;width:150px;\"><\/span><\/div><\/div>[vc_column_text]<\/p>\n<p style=\"text-align: left;\">MOONLIGHT, yapt\u0131\u011f\u0131 dan\u0131\u015fmanl\u0131k hizmetinin hukuki boyutuna \u00e7ok \u00f6nem vermektedir. Bu nedenle MOONLIGHT, MLC Hukuk ve Dan\u0131\u015fmanl\u0131k B\u00fcrosu ile i\u015fbirli\u011fi yapmaktad\u0131r. Siz de\u011ferli m\u00fc\u015fterilerimize ticari ve hukuki anlamda dan\u0131\u015fmanl\u0131k sa\u011flamaktay\u0131z.<\/p>\n<p>[\/vc_column_text][\/vc_column][\/vc_row][vc_row][vc_column width=&#8221;1\/4&#8243;]<div class=\"aio-icon-component    style_1\"><div id=\"Info-box-wrap-1752\" class=\"aio-icon-box default-icon\" style=\"\"  ><div class=\"aio-icon-default\"><div class=\"ult-just-icon-wrapper  \"><div class=\"align-icon\" style=\"text-align:center;\">\n<div class=\"aio-icon none \" data-animation=\"fadeIn\" data-animation-delay=\"03\" style=\"color:#1e73be;font-size:40px;display:inline-block;\">\n\t<i class=\"icomoon-profile-male\"><\/i>\n<\/div><\/div><\/div><\/div><div class=\"aio-icon-header\" ><a class=\"aio-icon-box-link\" href=\"http:\/\/mlc.com.tr\/tr\/yonetsel-danismanlik\" title=\"Y\u00f6netsel Dan\u0131\u015fmanl\u0131k Hizmetleri\" ><h3 class=\"aio-icon-title ult-responsive\"  data-ultimate-target='#Info-box-wrap-1752 .aio-icon-title'  data-responsive-json-new='{\"font-size\":\"desktop:16px;\",\"line-height\":\"\"}'  style=\"font-weight:bold;color:#0f4789;\">Y\u00f6netsel Dan\u0131\u015fmanl\u0131k<\/h3><\/a><\/div> <!-- header --><div class=\"aio-icon-description ult-responsive\"  data-ultimate-target='#Info-box-wrap-1752 .aio-icon-description'  data-responsive-json-new='{\"font-size\":\"\",\"line-height\":\"\"}'  style=\"\">\u015eirketlerde var alan yetersizliklerin tespit edilmesi ve tespit edilenlerin bertaraf edilmesi i\u00e7in denetimler yap\u0131lmaktad\u0131r.<\/div> <!-- description --><\/div> <!-- aio-icon-box --><\/div> <!-- aio-icon-component -->[\/vc_column][vc_column width=&#8221;1\/4&#8243;]<div class=\"aio-icon-component    style_1\"><div id=\"Info-box-wrap-4666\" class=\"aio-icon-box default-icon\" style=\"\"  ><div class=\"aio-icon-default\"><div class=\"ult-just-icon-wrapper  \"><div class=\"align-icon\" style=\"text-align:center;\">\n<div class=\"aio-icon none \"  style=\"color:#1e73be;font-size:40px;display:inline-block;\">\n\t<i class=\"icomoon-strategy\"><\/i>\n<\/div><\/div><\/div><\/div><div class=\"aio-icon-header\" ><a class=\"aio-icon-box-link\" href=\"http:\/\/mlc.com.tr\/tr\/risk-ve-denetim-faaliyetleri\/\" title=\"Risk ve Denetim Faaliyetleri\" ><h3 class=\"aio-icon-title ult-responsive\"  data-ultimate-target='#Info-box-wrap-4666 .aio-icon-title'  data-responsive-json-new='{\"font-size\":\"desktop:16px;\",\"line-height\":\"\"}'  style=\"font-weight:bold;color:#0f4789;\">Risk Denetimi Faaliyetleri<\/h3><\/a><\/div> <!-- header --><div class=\"aio-icon-description ult-responsive\"  data-ultimate-target='#Info-box-wrap-4666 .aio-icon-description'  data-responsive-json-new='{\"font-size\":\"\",\"line-height\":\"\"}'  style=\"\">\u0130\u015fyerlerine belirli aral\u0131klarla yap\u0131lacak denetimle tespiti yap\u0131lan yanl\u0131\u015fl\u0131klar\u0131 ve riskleri, \u015firketlerin ilgili departmanlar\u0131na aktarmaktay\u0131z.<\/div> <!-- description --><\/div> <!-- aio-icon-box --><\/div> <!-- aio-icon-component -->[\/vc_column][vc_column width=&#8221;1\/4&#8243;]<div class=\"aio-icon-component    style_1\"><div id=\"Info-box-wrap-6795\" class=\"aio-icon-box default-icon\" style=\"\"  ><div class=\"aio-icon-default\"><div class=\"ult-just-icon-wrapper  \"><div class=\"align-icon\" style=\"text-align:center;\">\n<div class=\"aio-icon none \"  style=\"color:#1e73be;font-size:40px;display:inline-block;\">\n\t<i class=\"icomoon-gears\"><\/i>\n<\/div><\/div><\/div><\/div><div class=\"aio-icon-header\" ><a class=\"aio-icon-box-link\" href=\"http:\/\/mlc.com.tr\/tr\/tesvik-danismanligi\/\" title=\"Te\u015fvik Dan\u0131\u015fmanl\u0131\u011f\u0131\" ><h3 class=\"aio-icon-title ult-responsive\"  data-ultimate-target='#Info-box-wrap-6795 .aio-icon-title'  data-responsive-json-new='{\"font-size\":\"desktop:16px;\",\"line-height\":\"\"}'  style=\"font-weight:bold;color:#0f4789;\">Te\u015fvik Dan\u0131\u015fmanl\u0131\u011f\u0131<\/h3><\/a><\/div> <!-- header --><div class=\"aio-icon-description ult-responsive\"  data-ultimate-target='#Info-box-wrap-6795 .aio-icon-description'  data-responsive-json-new='{\"font-size\":\"\",\"line-height\":\"\"}'  style=\"\">Kamu hukuku mevzuat\u0131n\u0131n \u00f6ng\u00f6rd\u00fc\u011f\u00fc devlet te\u015fviklerinden \u015firketlerimizi maksimum \u015fekilde yararland\u0131rmay\u0131 hedef ediniyoruz.<\/div> <!-- description --><\/div> <!-- aio-icon-box --><\/div> <!-- aio-icon-component -->[\/vc_column][vc_column width=&#8221;1\/4&#8243;]<div class=\"aio-icon-component    style_1\"><div id=\"Info-box-wrap-1137\" class=\"aio-icon-box default-icon\" style=\"\"  ><div class=\"aio-icon-default\"><div class=\"ult-just-icon-wrapper  \"><div class=\"align-icon\" style=\"text-align:center;\">\n<div class=\"aio-icon none \"  style=\"color:#1e73be;font-size:40px;display:inline-block;\">\n\t<i class=\"icomoon-tools-2\"><\/i>\n<\/div><\/div><\/div><\/div><div class=\"aio-icon-header\" ><a class=\"aio-icon-box-link\" href=\"http:\/\/mlc.com.tr\/tr\/alt-yuklenici-taseron-dosyalarinin-denetimi-ve-danismanligi\/\" title=\"Alt Y\u00fcklenici Dosyalar\u0131n\u0131n Denetimi ve Dan\u0131\u015fmanl\u0131\u011f\u0131\" ><h3 class=\"aio-icon-title ult-responsive\"  data-ultimate-target='#Info-box-wrap-1137 .aio-icon-title'  data-responsive-json-new='{\"font-size\":\"desktop:16px;\",\"line-height\":\"\"}'  style=\"font-weight:bold;color:#0f4789;\">Alt Y\u00fcklenici Denetimi<\/h3><\/a><\/div> <!-- header --><div class=\"aio-icon-description ult-responsive\"  data-ultimate-target='#Info-box-wrap-1137 .aio-icon-description'  data-responsive-json-new='{\"font-size\":\"\",\"line-height\":\"\"}'  style=\"\">Ta\u015feron dosyalar\u0131n\u0131n ilgili kanunlara uygun olarak denetlenmesini ve olu\u015fabilecek riskler konusunda \u00fcst ve alt i\u015fverenleri bilgilendiriyoruz.<\/div> <!-- description --><\/div> <!-- aio-icon-box --><\/div> <!-- aio-icon-component -->[\/vc_column][\/vc_row]<\/p>\n","protected":false},"excerpt":{"rendered":"<p>[vc_row][vc_column width=&#8221;1\/2&#8243; css=&#8221;.vc_custom_1610802976963{margin-top: 50px !important;}&#8221;][vc_column_text]MLC Dan\u0131\u015fmanl\u0131k A.\u015e, 19.02.2019 y\u0131l\u0131nda kurulmu\u015f olup, marka ad\u0131 MOONLIGHT olan ve ticari alanda faaliyet g\u00f6steren bir t\u00fczel ki\u015fidir. MOONLIGHT, faaliyet konusunu \u015firket esas s\u00f6zle\u015fmesinden almaktad\u0131r. MOONLIGHT, yapt\u0131\u011f\u0131 dan\u0131\u015fmanl\u0131k hizmetinin hukuki boyutuna \u00e7ok \u00f6nem vermektedir. Bu nedenle MOONLIGHT, MLC Hukuk ve Dan\u0131\u015fmanl\u0131k B\u00fcrosu ile i\u015fbirli\u011fi yapmaktad\u0131r.[\/vc_column_text][vc_btn title=&#8221;Hakk\u0131m\u0131zda&#8221; style=&#8221;classic&#8221; color=&#8221;primary&#8221; link=&#8221;url:http%3A%2F%2Fmlc.com.tr%2Ftr%2Fhakkimizda%2F|title:ANASAYFA&#8221;][\/vc_column][vc_column width=&#8221;1\/2&#8243;][vc_single_image&hellip;<\/p>\n","protected":false},"author":2,"featured_media":0,"parent":0,"menu_order":0,"comment_status":"closed","ping_status":"closed","template":"","meta":[],"class_list":["post-33","page","type-page","status-publish","hentry","description-off"],"_links":{"self":[{"href":"https:\/\/mlc.com.tr\/tr\/wp-json\/wp\/v2\/pages\/33","targetHints":{"allow":["GET"]}}],"collection":[{"href":"https:\/\/mlc.com.tr\/tr\/wp-json\/wp\/v2\/pages"}],"about":[{"href":"https:\/\/mlc.com.tr\/tr\/wp-json\/wp\/v2\/types\/page"}],"author":[{"embeddable":true,"href":"https:\/\/mlc.com.tr\/tr\/wp-json\/wp\/v2\/users\/2"}],"replies":[{"embeddable":true,"href":"https:\/\/mlc.com.tr\/tr\/wp-json\/wp\/v2\/comments?post=33"}],"version-history":[{"count":0,"href":"https:\/\/mlc.com.tr\/tr\/wp-json\/wp\/v2\/pages\/33\/revisions"}],"wp:attachment":[{"href":"https:\/\/mlc.com.tr\/tr\/wp-json\/wp\/v2\/media?parent=33"}],"curies":[{"name":"wp","href":"https:\/\/api.w.org\/{rel}","templated":true}]}}