{"id":30,"date":"2021-01-15T12:41:51","date_gmt":"2021-01-15T09:41:51","guid":{"rendered":"http:\/\/mlc.com.tr\/tr\/?page_id=30"},"modified":"2021-10-07T16:13:04","modified_gmt":"2021-10-07T13:13:04","slug":"iletisim","status":"publish","type":"page","link":"https:\/\/mlc.com.tr\/tr\/iletisim\/","title":{"rendered":"\u0130leti\u015fim"},"content":{"rendered":"<p>[vc_row][vc_column width=&#8221;1\/2&#8243;]<div id=\"ultimate-heading-649069e66679cb2e0\" class=\"uvc-heading ult-adjust-bottom-margin ultimate-heading-649069e66679cb2e0 uvc-5463 \" data-hspacer=\"line_only\"  data-halign=\"left\" style=\"text-align:left\"><div class=\"uvc-main-heading ult-responsive\"  data-ultimate-target='.uvc-heading.ultimate-heading-649069e66679cb2e0 h2'  data-responsive-json-new='{\"font-size\":\"desktop:20px;\",\"line-height\":\"\"}' ><h2 style=\"font-family:&#039;Roboto Condensed&#039;;font-weight:300;color:#333333;\">\u0130LET\u0130\u015e\u0130M B\u0130LG\u0130LER\u0130<\/h2><\/div><div class=\"uvc-heading-spacer line_only\" style=\"margin-top:10px;margin-bottom:20px;height:1px;\"><span class=\"uvc-headings-line\" style=\"border-style:solid;border-bottom-width:1px;border-color:#0f4789;width:70px;\"><\/span><\/div><\/div>[vc_row_inner][vc_column_inner][vc_column_text css=&#8221;.vc_custom_1610703660216{margin-bottom: 0px !important;padding-bottom: 20px !important;}&#8221;]Hizmetlerimiz ve Moonlight Consulting hakk\u0131nda bilgi almak i\u00e7in ileti\u015fim bilgilerimizden bize ula\u015fabilir ayr\u0131ca \u0130leti\u015fim Formu arac\u0131l\u0131\u011f\u0131 ile mesajlar\u0131n\u0131z\u0131 iletebilirsiniz.[\/vc_column_text]<div class=\"aio-icon-component  vc_custom_1618207497869   style_2\"><div id=\"Info-box-wrap-5793\" class=\"aio-icon-box left-icon\" style=\"\"  ><div class=\"aio-icon-left\"><div class=\"ult-just-icon-wrapper  \"><div class=\"align-icon\" style=\"text-align:center;\">\n<div class=\"aio-icon none \"  style=\"color:#0f4789;font-size:20px;display:inline-block;\">\n\t<i class=\"icomoon-the7-font-the7-map-05\"><\/i>\n<\/div><\/div><\/div><\/div><div class=\"aio-ibd-block\"><div class=\"aio-icon-header\" ><h3 class=\"aio-icon-title ult-responsive\"  data-ultimate-target='#Info-box-wrap-5793 .aio-icon-title'  data-responsive-json-new='{\"font-size\":\"desktop:14px;\",\"line-height\":\"\"}'  style=\"font-family:&#039;Roboto Condensed&#039;;color:#0f4789;\">ADRES<\/h3><\/div> <!-- header --><div class=\"aio-icon-description ult-responsive\"  data-ultimate-target='#Info-box-wrap-5793 .aio-icon-description'  data-responsive-json-new='{\"font-size\":\"\",\"line-height\":\"\"}'  style=\"\">Esentepe Mh. B\u00fcy\u00fckdere Cd. Loft Residence Apt. No:201\/6<br \/>\n\u015ei\u015fli &#8211; \u0130STANBUL<\/div> <!-- description --><\/div> <!-- aio-ibd-block --><\/div> <!-- aio-icon-box --><\/div> <!-- aio-icon-component --><div class=\"aio-icon-component  vc_custom_1618207529999   style_2\"><div id=\"Info-box-wrap-9755\" class=\"aio-icon-box left-icon\" style=\"\"  ><div class=\"aio-icon-left\"><div class=\"ult-just-icon-wrapper  \"><div class=\"align-icon\" style=\"text-align:center;\">\n<div class=\"aio-icon none \"  style=\"color:#0f4789;font-size:20px;display:inline-block;\">\n\t<i class=\"icomoon-the7-font-the7-phone-06\"><\/i>\n<\/div><\/div><\/div><\/div><div class=\"aio-ibd-block\"><div class=\"aio-icon-header\" ><h3 class=\"aio-icon-title ult-responsive\"  data-ultimate-target='#Info-box-wrap-9755 .aio-icon-title'  data-responsive-json-new='{\"font-size\":\"desktop:14px;\",\"line-height\":\"\"}'  style=\"font-family:&#039;Roboto Condensed&#039;;color:#0f4789;\">Telefon<\/h3><\/div> <!-- header --><div class=\"aio-icon-description ult-responsive\"  data-ultimate-target='#Info-box-wrap-9755 .aio-icon-description'  data-responsive-json-new='{\"font-size\":\"\",\"line-height\":\"\"}'  style=\"\">+90 212 982 8478<br \/>\n+90 545 621 3671<\/div> <!-- description --><\/div> <!-- aio-ibd-block --><\/div> <!-- aio-icon-box --><\/div> <!-- aio-icon-component --><div class=\"aio-icon-component  vc_custom_1633612380441   style_2\"><div id=\"Info-box-wrap-1159\" class=\"aio-icon-box left-icon\" style=\"\"  ><div class=\"aio-icon-left\"><div class=\"ult-just-icon-wrapper  \"><div class=\"align-icon\" style=\"text-align:center;\">\n<div class=\"aio-icon none \"  style=\"color:#0f4789;font-size:20px;display:inline-block;\">\n\t<i class=\"icomoon-the7-font-the7-mail-03\"><\/i>\n<\/div><\/div><\/div><\/div><div class=\"aio-ibd-block\"><div class=\"aio-icon-header\" ><h3 class=\"aio-icon-title ult-responsive\"  data-ultimate-target='#Info-box-wrap-1159 .aio-icon-title'  data-responsive-json-new='{\"font-size\":\"desktop:14px;\",\"line-height\":\"\"}'  style=\"font-family:&#039;Roboto Condensed&#039;;color:#0f4789;\">e-POSTA<\/h3><\/div> <!-- header --><div class=\"aio-icon-description ult-responsive\"  data-ultimate-target='#Info-box-wrap-1159 .aio-icon-description'  data-responsive-json-new='{\"font-size\":\"\",\"line-height\":\"\"}'  style=\"\">info@mlc.com.tr<\/div> <!-- description --><\/div> <!-- aio-ibd-block --><\/div> <!-- aio-icon-box --><\/div> <!-- aio-icon-component --><style type=\"text\/css\" data-type=\"the7_shortcodes-inline-css\">.dt-shortcode-soc-icons.soc-icons-b77911eb44cedc954b331bd16ce2bf11 a {\n  margin-right: 4px;\n}\n.dt-shortcode-soc-icons a.soc-icons-b77911eb44cedc954b331bd16ce2bf11 {\n  margin-right: 4px;\n}\n.dt-shortcode-soc-icons a.soc-icons-b77911eb44cedc954b331bd16ce2bf11:last-child {\n  margin-right: 0;\n}\n.dt-shortcode-soc-icons a.soc-icons-b77911eb44cedc954b331bd16ce2bf11:before,\n.dt-shortcode-soc-icons a.soc-icons-b77911eb44cedc954b331bd16ce2bf11:after {\n  padding: inherit;\n}\n.dt-shortcode-soc-icons a.soc-icons-b77911eb44cedc954b331bd16ce2bf11.dt-icon-border-on:before {\n  border:  solid ;\n}\n.dt-shortcode-soc-icons a.soc-icons-b77911eb44cedc954b331bd16ce2bf11.dt-icon-hover-border-on:after {\n  border:  solid ;\n}\n<\/style><div class=\"dt-shortcode-soc-icons  soc-icons-b77911eb44cedc954b331bd16ce2bf11 soc-icons-left \" ><style type=\"text\/css\" data-type=\"the7_shortcodes-inline-css\">.dt-shortcode-soc-icons a.single-soc-icon-69c5b511f66472540cc5ff1920014715 {\n  min-width: 26px;\n  min-height: 26px;\n  font-size: 16px;\n  border-radius: 0px;\n}\n.dt-shortcode-soc-icons a.single-soc-icon-69c5b511f66472540cc5ff1920014715:last-child {\n  margin-right: 0;\n}\n.dt-shortcode-soc-icons a.single-soc-icon-69c5b511f66472540cc5ff1920014715:before,\n.dt-shortcode-soc-icons a.single-soc-icon-69c5b511f66472540cc5ff1920014715:after {\n  min-width: 26px;\n  min-height: 26px;\n  padding: inherit;\n}\n.dt-shortcode-soc-icons a.single-soc-icon-69c5b511f66472540cc5ff1920014715.dt-icon-border-on:before {\n  border: 0px solid ;\n}\n.dt-shortcode-soc-icons a.single-soc-icon-69c5b511f66472540cc5ff1920014715.dt-icon-hover-border-on:after {\n  border: 0px solid ;\n}\n.dt-shortcode-soc-icons a.single-soc-icon-69c5b511f66472540cc5ff1920014715:hover {\n  font-size: 16px;\n}\n#page .dt-shortcode-soc-icons a.single-soc-icon-69c5b511f66472540cc5ff1920014715:hover .soc-font-icon,\n#phantom .dt-shortcode-soc-icons a.single-soc-icon-69c5b511f66472540cc5ff1920014715:hover .soc-font-icon,\n#page .dt-shortcode-soc-icons a.single-soc-icon-69c5b511f66472540cc5ff1920014715:hover .soc-icon,\n#phantom .dt-shortcode-soc-icons a.single-soc-icon-69c5b511f66472540cc5ff1920014715:hover .soc-icon {\n  color: rgba(255,255,255,0.75);\n  background: none;\n}\n#page .dt-shortcode-soc-icons a.single-soc-icon-69c5b511f66472540cc5ff1920014715:not(:hover) .soc-font-icon,\n#phantom .dt-shortcode-soc-icons a.single-soc-icon-69c5b511f66472540cc5ff1920014715:not(:hover) .soc-font-icon,\n#page .dt-shortcode-soc-icons a.single-soc-icon-69c5b511f66472540cc5ff1920014715:not(:hover) .soc-icon,\n#phantom .dt-shortcode-soc-icons a.single-soc-icon-69c5b511f66472540cc5ff1920014715:not(:hover) .soc-icon {\n  color: #ffffff;\n  background: none;\n}\n.dt-shortcode-soc-icons a.single-soc-icon-69c5b511f66472540cc5ff1920014715 .soc-font-icon,\n.dt-shortcode-soc-icons a.single-soc-icon-69c5b511f66472540cc5ff1920014715 .soc-icon {\n  font-size: 16px;\n}\n<\/style><a title=\"Facebook\" href=\"https:\/\/www.facebook.com\/MLC-Moonlight-Consulting-104468191628438\" class=\"facebook single-soc-icon-69c5b511f66472540cc5ff1920014715 dt-icon-bg-on dt-icon-border-on dt-icon-hover-border-on dt-icon-hover-bg-on  \" ><i class=\"soc-icon soc-font-icon dt-icon-facebook\"><\/i><span class=\"screen-reader-text\">Facebook<\/span><\/a><style type=\"text\/css\" data-type=\"the7_shortcodes-inline-css\">.dt-shortcode-soc-icons a.single-soc-icon-7b92417dce5727718f62a38c6a983e8d {\n  min-width: 26px;\n  min-height: 26px;\n  font-size: 16px;\n  border-radius: 0px;\n}\n.dt-shortcode-soc-icons a.single-soc-icon-7b92417dce5727718f62a38c6a983e8d:last-child {\n  margin-right: 0;\n}\n.dt-shortcode-soc-icons a.single-soc-icon-7b92417dce5727718f62a38c6a983e8d:before,\n.dt-shortcode-soc-icons a.single-soc-icon-7b92417dce5727718f62a38c6a983e8d:after {\n  min-width: 26px;\n  min-height: 26px;\n  padding: inherit;\n}\n.dt-shortcode-soc-icons a.single-soc-icon-7b92417dce5727718f62a38c6a983e8d.dt-icon-border-on:before {\n  border: 0px solid ;\n}\n.dt-shortcode-soc-icons a.single-soc-icon-7b92417dce5727718f62a38c6a983e8d.dt-icon-hover-border-on:after {\n  border: 0px solid ;\n}\n.dt-shortcode-soc-icons a.single-soc-icon-7b92417dce5727718f62a38c6a983e8d:hover {\n  font-size: 16px;\n}\n#page .dt-shortcode-soc-icons a.single-soc-icon-7b92417dce5727718f62a38c6a983e8d:hover .soc-font-icon,\n#phantom .dt-shortcode-soc-icons a.single-soc-icon-7b92417dce5727718f62a38c6a983e8d:hover .soc-font-icon,\n#page .dt-shortcode-soc-icons a.single-soc-icon-7b92417dce5727718f62a38c6a983e8d:hover .soc-icon,\n#phantom .dt-shortcode-soc-icons a.single-soc-icon-7b92417dce5727718f62a38c6a983e8d:hover .soc-icon {\n  color: rgba(255,255,255,0.75);\n  background: none;\n}\n#page .dt-shortcode-soc-icons a.single-soc-icon-7b92417dce5727718f62a38c6a983e8d:not(:hover) .soc-font-icon,\n#phantom .dt-shortcode-soc-icons a.single-soc-icon-7b92417dce5727718f62a38c6a983e8d:not(:hover) .soc-font-icon,\n#page .dt-shortcode-soc-icons a.single-soc-icon-7b92417dce5727718f62a38c6a983e8d:not(:hover) .soc-icon,\n#phantom .dt-shortcode-soc-icons a.single-soc-icon-7b92417dce5727718f62a38c6a983e8d:not(:hover) .soc-icon {\n  color: #ffffff;\n  background: none;\n}\n.dt-shortcode-soc-icons a.single-soc-icon-7b92417dce5727718f62a38c6a983e8d .soc-font-icon,\n.dt-shortcode-soc-icons a.single-soc-icon-7b92417dce5727718f62a38c6a983e8d .soc-icon {\n  font-size: 16px;\n}\n<\/style><a title=\"Tumblr\" href=\"https:\/\/twitter.com\/mlcdanismanlik\" class=\"tumbler single-soc-icon-7b92417dce5727718f62a38c6a983e8d dt-icon-bg-on dt-icon-border-on dt-icon-hover-border-on dt-icon-hover-bg-on  \" ><i class=\"soc-icon soc-font-icon dt-icon-tumbler\"><\/i><span class=\"screen-reader-text\">Tumblr<\/span><\/a><style type=\"text\/css\" data-type=\"the7_shortcodes-inline-css\">.dt-shortcode-soc-icons a.single-soc-icon-a22992ce6cfaa94cb395da126f4da2d7 {\n  min-width: 26px;\n  min-height: 26px;\n  font-size: 16px;\n  border-radius: 0px;\n}\n.dt-shortcode-soc-icons a.single-soc-icon-a22992ce6cfaa94cb395da126f4da2d7:last-child {\n  margin-right: 0;\n}\n.dt-shortcode-soc-icons a.single-soc-icon-a22992ce6cfaa94cb395da126f4da2d7:before,\n.dt-shortcode-soc-icons a.single-soc-icon-a22992ce6cfaa94cb395da126f4da2d7:after {\n  min-width: 26px;\n  min-height: 26px;\n  padding: inherit;\n}\n.dt-shortcode-soc-icons a.single-soc-icon-a22992ce6cfaa94cb395da126f4da2d7.dt-icon-border-on:before {\n  border: 0px solid ;\n}\n.dt-shortcode-soc-icons a.single-soc-icon-a22992ce6cfaa94cb395da126f4da2d7.dt-icon-hover-border-on:after {\n  border: 0px solid ;\n}\n.dt-shortcode-soc-icons a.single-soc-icon-a22992ce6cfaa94cb395da126f4da2d7:hover {\n  font-size: 16px;\n}\n#page .dt-shortcode-soc-icons a.single-soc-icon-a22992ce6cfaa94cb395da126f4da2d7:hover .soc-font-icon,\n#phantom .dt-shortcode-soc-icons a.single-soc-icon-a22992ce6cfaa94cb395da126f4da2d7:hover .soc-font-icon,\n#page .dt-shortcode-soc-icons a.single-soc-icon-a22992ce6cfaa94cb395da126f4da2d7:hover .soc-icon,\n#phantom .dt-shortcode-soc-icons a.single-soc-icon-a22992ce6cfaa94cb395da126f4da2d7:hover .soc-icon {\n  color: rgba(255,255,255,0.75);\n  background: none;\n}\n#page .dt-shortcode-soc-icons a.single-soc-icon-a22992ce6cfaa94cb395da126f4da2d7:not(:hover) .soc-font-icon,\n#phantom .dt-shortcode-soc-icons a.single-soc-icon-a22992ce6cfaa94cb395da126f4da2d7:not(:hover) .soc-font-icon,\n#page .dt-shortcode-soc-icons a.single-soc-icon-a22992ce6cfaa94cb395da126f4da2d7:not(:hover) .soc-icon,\n#phantom .dt-shortcode-soc-icons a.single-soc-icon-a22992ce6cfaa94cb395da126f4da2d7:not(:hover) .soc-icon {\n  color: #ffffff;\n  background: none;\n}\n.dt-shortcode-soc-icons a.single-soc-icon-a22992ce6cfaa94cb395da126f4da2d7 .soc-font-icon,\n.dt-shortcode-soc-icons a.single-soc-icon-a22992ce6cfaa94cb395da126f4da2d7 .soc-icon {\n  font-size: 16px;\n}\n<\/style><a title=\"Instagram\" href=\"https:\/\/www.instagram.com\/mlcdanismanlik\/\" class=\"instagram single-soc-icon-a22992ce6cfaa94cb395da126f4da2d7 dt-icon-bg-on dt-icon-border-on dt-icon-hover-border-on dt-icon-hover-bg-on  \" ><i class=\"soc-icon soc-font-icon dt-icon-instagram\"><\/i><span class=\"screen-reader-text\">Instagram<\/span><\/a><style type=\"text\/css\" data-type=\"the7_shortcodes-inline-css\">.dt-shortcode-soc-icons a.single-soc-icon-1b0c4dc5950d1f41ae7c480f53313ac4 {\n  min-width: 26px;\n  min-height: 26px;\n  font-size: 16px;\n  border-radius: 0px;\n}\n.dt-shortcode-soc-icons a.single-soc-icon-1b0c4dc5950d1f41ae7c480f53313ac4:last-child {\n  margin-right: 0;\n}\n.dt-shortcode-soc-icons a.single-soc-icon-1b0c4dc5950d1f41ae7c480f53313ac4:before,\n.dt-shortcode-soc-icons a.single-soc-icon-1b0c4dc5950d1f41ae7c480f53313ac4:after {\n  min-width: 26px;\n  min-height: 26px;\n  padding: inherit;\n}\n.dt-shortcode-soc-icons a.single-soc-icon-1b0c4dc5950d1f41ae7c480f53313ac4.dt-icon-border-on:before {\n  border: 0px solid ;\n}\n.dt-shortcode-soc-icons a.single-soc-icon-1b0c4dc5950d1f41ae7c480f53313ac4.dt-icon-hover-border-on:after {\n  border: 0px solid ;\n}\n.dt-shortcode-soc-icons a.single-soc-icon-1b0c4dc5950d1f41ae7c480f53313ac4:hover {\n  font-size: 16px;\n}\n#page .dt-shortcode-soc-icons a.single-soc-icon-1b0c4dc5950d1f41ae7c480f53313ac4:hover .soc-font-icon,\n#phantom .dt-shortcode-soc-icons a.single-soc-icon-1b0c4dc5950d1f41ae7c480f53313ac4:hover .soc-font-icon,\n#page .dt-shortcode-soc-icons a.single-soc-icon-1b0c4dc5950d1f41ae7c480f53313ac4:hover .soc-icon,\n#phantom .dt-shortcode-soc-icons a.single-soc-icon-1b0c4dc5950d1f41ae7c480f53313ac4:hover .soc-icon {\n  color: rgba(255,255,255,0.75);\n  background: none;\n}\n#page .dt-shortcode-soc-icons a.single-soc-icon-1b0c4dc5950d1f41ae7c480f53313ac4:not(:hover) .soc-font-icon,\n#phantom .dt-shortcode-soc-icons a.single-soc-icon-1b0c4dc5950d1f41ae7c480f53313ac4:not(:hover) .soc-font-icon,\n#page .dt-shortcode-soc-icons a.single-soc-icon-1b0c4dc5950d1f41ae7c480f53313ac4:not(:hover) .soc-icon,\n#phantom .dt-shortcode-soc-icons a.single-soc-icon-1b0c4dc5950d1f41ae7c480f53313ac4:not(:hover) .soc-icon {\n  color: #ffffff;\n  background: none;\n}\n.dt-shortcode-soc-icons a.single-soc-icon-1b0c4dc5950d1f41ae7c480f53313ac4 .soc-font-icon,\n.dt-shortcode-soc-icons a.single-soc-icon-1b0c4dc5950d1f41ae7c480f53313ac4 .soc-icon {\n  font-size: 16px;\n}\n<\/style><a title=\"Linkedin\" href=\"http:\/\/www.linkedin.com\/in\/mlcdanismanlik\" class=\"linkedin single-soc-icon-1b0c4dc5950d1f41ae7c480f53313ac4 dt-icon-bg-on dt-icon-border-on dt-icon-hover-border-on dt-icon-hover-bg-on  \" ><i class=\"soc-icon soc-font-icon dt-icon-linkedin\"><\/i><span class=\"screen-reader-text\">Linkedin<\/span><\/a><\/div>[\/vc_column_inner][\/vc_row_inner][\/vc_column][vc_column width=&#8221;1\/2&#8243;]<div id=\"ultimate-heading-500069e66679cb93e\" class=\"uvc-heading ult-adjust-bottom-margin ultimate-heading-500069e66679cb93e uvc-5311 \" data-hspacer=\"line_only\"  data-halign=\"left\" style=\"text-align:left\"><div class=\"uvc-main-heading ult-responsive\"  data-ultimate-target='.uvc-heading.ultimate-heading-500069e66679cb93e h2'  data-responsive-json-new='{\"font-size\":\"desktop:20px;\",\"line-height\":\"\"}' ><h2 style=\"font-family:&#039;Roboto Condensed&#039;;font-weight:300;color:#333333;\">\u0130LET\u0130\u015e\u0130M FORMU<\/h2><\/div><div class=\"uvc-heading-spacer line_only\" style=\"margin-top:10px;margin-bottom:20px;height:1px;\"><span class=\"uvc-headings-line\" style=\"border-style:solid;border-bottom-width:1px;border-color:#0f4789;width:70px;\"><\/span><\/div><\/div><div role=\"form\" class=\"wpcf7\" id=\"wpcf7-f5-o1\" lang=\"tr-TR\" dir=\"ltr\">\n<div class=\"screen-reader-response\"><p role=\"status\" aria-live=\"polite\" aria-atomic=\"true\"><\/p> <ul><\/ul><\/div>\n<form action=\"\/tr\/wp-json\/wp\/v2\/pages\/30#wpcf7-f5-o1\" method=\"post\" class=\"wpcf7-form init\" novalidate=\"novalidate\" data-status=\"init\">\n<div style=\"display: none;\">\n<input type=\"hidden\" name=\"_wpcf7\" value=\"5\" \/>\n<input type=\"hidden\" name=\"_wpcf7_version\" value=\"5.4.2\" \/>\n<input type=\"hidden\" name=\"_wpcf7_locale\" value=\"tr_TR\" \/>\n<input type=\"hidden\" name=\"_wpcf7_unit_tag\" value=\"wpcf7-f5-o1\" \/>\n<input type=\"hidden\" name=\"_wpcf7_container_post\" value=\"0\" \/>\n<input type=\"hidden\" name=\"_wpcf7_posted_data_hash\" value=\"\" \/>\n<input type=\"hidden\" name=\"_wpcf7_recaptcha_response\" value=\"\" \/>\n<\/div>\n<p><span class=\"wpcf7-form-control-wrap your-name\"><input type=\"text\" name=\"your-name\" value=\"\" size=\"40\" class=\"wpcf7-form-control wpcf7-text wpcf7-validates-as-required\" aria-required=\"true\" aria-invalid=\"false\" placeholder=\"\u0130sim*\" \/><\/span> <\/p>\n<p><span class=\"wpcf7-form-control-wrap your-email\"><input type=\"email\" name=\"your-email\" value=\"\" size=\"40\" class=\"wpcf7-form-control wpcf7-text wpcf7-email wpcf7-validates-as-required wpcf7-validates-as-email\" aria-required=\"true\" aria-invalid=\"false\" placeholder=\"Eposta*\" \/><\/span> <\/p>\n<p><span class=\"wpcf7-form-control-wrap your-phone\"><input type=\"text\" name=\"your-phone\" value=\"\" size=\"40\" class=\"wpcf7-form-control wpcf7-text wpcf7-validates-as-required\" aria-required=\"true\" aria-invalid=\"false\" placeholder=\"Telefon*\" \/><\/span> <\/p>\n<p><span class=\"wpcf7-form-control-wrap your-message\"><textarea name=\"your-message\" cols=\"40\" rows=\"10\" class=\"wpcf7-form-control wpcf7-textarea wpcf7-validates-as-required\" aria-required=\"true\" aria-invalid=\"false\" placeholder=\"Mesaj*\"><\/textarea><\/span> <\/p>\n<p><input type=\"submit\" value=\"G\u00f6nder\" class=\"wpcf7-form-control wpcf7-submit\" \/><\/p>\n<div class=\"wpcf7-response-output\" aria-hidden=\"true\"><\/div><\/form><\/div>[\/vc_column][\/vc_row][vc_row type=&#8221;vc_default&#8221; full_width=&#8221;stretch_row_content&#8221; bg_type=&#8221;bg_color&#8221; bg_override=&#8221;full&#8221; css=&#8221;.vc_custom_1596283410210{margin-right: 0px !important;margin-bottom: 0px !important;margin-left: 0px !important;padding-right: 0px !important;padding-left: 0px !important;}&#8221;][vc_column css=&#8221;.vc_custom_1590718508048{margin-right: 0px !important;margin-bottom: 0px !important;margin-left: 0px !important;padding-right: 0px !important;padding-left: 0px !important;}&#8221;][vc_gmaps link=&#8221;#E-8_JTNDaWZyYW1lJTIwc3JjJTNEJTIyaHR0cHMlM0ElMkYlMkZ3d3cuZ29vZ2xlLmNvbSUyRm1hcHMlMkZlbWJlZCUzRnBiJTNEJTIxMW0xOCUyMTFtMTIlMjExbTMlMjExZDEyNjUuMzAzNzY5MDY5OTY1NyUyMTJkMjguOTAyNzI1OTg1ODI4NDIyJTIxM2Q0MS4wMzgwMjAzMTYwNTM5NiUyMTJtMyUyMTFmMCUyMTJmMCUyMTNmMCUyMTNtMiUyMTFpMTAyNCUyMTJpNzY4JTIxNGYxMy4xJTIxM20zJTIxMW0yJTIxMXMweDE0Y2FiYTg5ODEyMDUyNDklMjUzQTB4ODg0NDViZWIzZmI4MTc5YyUyMTJ6UVd4MHhMRnVkR1Z3YzJrc0lGTmxiSFpwSUZOckxpQk9iem80Tnl3Z016UXdNelVnUW1GNWNtRnRjR0hGbjJFdnhMQnpkR0Z1WW5WcyUyMTVlMCUyMTNtMiUyMTFzdHIlMjEyc3RyJTIxNHYxNjEwNzAzNTY3MDQ2JTIxNW0yJTIxMXN0ciUyMTJzdHIlMjIlMjB3aWR0aCUzRCUyMiUyNTEwMCUyMiUyMGhlaWdodCUzRCUyMjQ1MCUyMiUyMGZyYW1lYm9yZGVyJTNEJTIyMCUyMiUyMHN0eWxlJTNEJTIyYm9yZGVyJTNBMCUzQiUyMiUyMGFsbG93ZnVsbHNjcmVlbiUzRCUyMiUyMiUyMGFyaWEtaGlkZGVuJTNEJTIyZmFsc2UlMjIlMjB0YWJpbmRleCUzRCUyMjAlMjIlM0UlM0MlMkZpZnJhbWUlM0U=&#8221; css=&#8221;.vc_custom_1610703600032{margin-top: 30px !important;margin-right: 0px !important;margin-bottom: 0px !important;margin-left: 0px !important;padding-right: 0px !important;padding-left: 0px !important;}&#8221;][\/vc_column][\/vc_row]<\/p>\n","protected":false},"excerpt":{"rendered":"<p>[vc_row][vc_column width=&#8221;1\/2&#8243;][vc_row_inner][vc_column_inner][vc_column_text css=&#8221;.vc_custom_1610703660216{margin-bottom: 0px !important;padding-bottom: 20px !important;}&#8221;]Hizmetlerimiz ve Moonlight Consulting hakk\u0131nda bilgi almak i\u00e7in ileti\u015fim bilgilerimizden bize ula\u015fabilir ayr\u0131ca \u0130leti\u015fim Formu arac\u0131l\u0131\u011f\u0131 ile mesajlar\u0131n\u0131z\u0131 iletebilirsiniz.[\/vc_column_text][\/vc_column_inner][\/vc_row_inner][\/vc_column][vc_column width=&#8221;1\/2&#8243;][\/vc_column][\/vc_row][vc_row type=&#8221;vc_default&#8221; full_width=&#8221;stretch_row_content&#8221; bg_type=&#8221;bg_color&#8221; bg_override=&#8221;full&#8221; css=&#8221;.vc_custom_1596283410210{margin-right: 0px !important;margin-bottom: 0px !important;margin-left: 0px !important;padding-right: 0px !important;padding-left: 0px !important;}&#8221;][vc_column css=&#8221;.vc_custom_1590718508048{margin-right: 0px !important;margin-bottom: 0px !important;margin-left: 0px !important;padding-right: 0px !important;padding-left: 0px !important;}&#8221;][vc_gmaps link=&#8221;#E-8_JTNDaWZyYW1lJTIwc3JjJTNEJTIyaHR0cHMlM0ElMkYlMkZ3d3cuZ29vZ2xlLmNvbSUyRm1hcHMlMkZlbWJlZCUzRnBiJTNEJTIxMW0xOCUyMTFtMTIlMjExbTMlMjExZDEyNjUuMzAzNzY5MDY5OTY1NyUyMTJkMjguOTAyNzI1OTg1ODI4NDIyJTIxM2Q0MS4wMzgwMjAzMTYwNTM5NiUyMTJtMyUyMTFmMCUyMTJmMCUyMTNmMCUyMTNtMiUyMTFpMTAyNCUyMTJpNzY4JTIxNGYxMy4xJTIxM20zJTIxMW0yJTIxMXMweDE0Y2FiYTg5ODEyMDUyNDklMjUzQTB4ODg0NDViZWIzZmI4MTc5YyUyMTJ6UVd4MHhMRnVkR1Z3YzJrc0lGTmxiSFpwSUZOckxpQk9iem80Tnl3Z016UXdNelVnUW1GNWNtRnRjR0hGbjJFdnhMQnpkR0Z1WW5WcyUyMTVlMCUyMTNtMiUyMTFzdHIlMjEyc3RyJTIxNHYxNjEwNzAzNTY3MDQ2JTIxNW0yJTIxMXN0ciUyMTJzdHIlMjIlMjB3aWR0aCUzRCUyMiUyNTEwMCUyMiUyMGhlaWdodCUzRCUyMjQ1MCUyMiUyMGZyYW1lYm9yZGVyJTNEJTIyMCUyMiUyMHN0eWxlJTNEJTIyYm9yZGVyJTNBMCUzQiUyMiUyMGFsbG93ZnVsbHNjcmVlbiUzRCUyMiUyMiUyMGFyaWEtaGlkZGVuJTNEJTIyZmFsc2UlMjIlMjB0YWJpbmRleCUzRCUyMjAlMjIlM0UlM0MlMkZpZnJhbWUlM0U=&#8221; css=&#8221;.vc_custom_1610703600032{margin-top: 30px&hellip;<\/p>\n","protected":false},"author":2,"featured_media":0,"parent":0,"menu_order":0,"comment_status":"closed","ping_status":"closed","template":"","meta":[],"class_list":["post-30","page","type-page","status-publish","hentry","description-off"],"_links":{"self":[{"href":"https:\/\/mlc.com.tr\/tr\/wp-json\/wp\/v2\/pages\/30","targetHints":{"allow":["GET"]}}],"collection":[{"href":"https:\/\/mlc.com.tr\/tr\/wp-json\/wp\/v2\/pages"}],"about":[{"href":"https:\/\/mlc.com.tr\/tr\/wp-json\/wp\/v2\/types\/page"}],"author":[{"embeddable":true,"href":"https:\/\/mlc.com.tr\/tr\/wp-json\/wp\/v2\/users\/2"}],"replies":[{"embeddable":true,"href":"https:\/\/mlc.com.tr\/tr\/wp-json\/wp\/v2\/comments?post=30"}],"version-history":[{"count":0,"href":"https:\/\/mlc.com.tr\/tr\/wp-json\/wp\/v2\/pages\/30\/revisions"}],"wp:attachment":[{"href":"https:\/\/mlc.com.tr\/tr\/wp-json\/wp\/v2\/media?parent=30"}],"curies":[{"name":"wp","href":"https:\/\/api.w.org\/{rel}","templated":true}]}}