{"id":28,"date":"2021-01-15T12:24:04","date_gmt":"2021-01-15T09:24:04","guid":{"rendered":"http:\/\/mlc.com.tr\/tr\/?page_id=28"},"modified":"2021-10-07T16:38:31","modified_gmt":"2021-10-07T13:38:31","slug":"mlc-hukuk-ve-danismanlik-burosu","status":"publish","type":"page","link":"https:\/\/mlc.com.tr\/tr\/mlc-hukuk-ve-danismanlik-burosu\/","title":{"rendered":"MLC Hukuk ve Dan\u0131\u015fmanl\u0131k B\u00fcrosu"},"content":{"rendered":"<p>[vc_row][vc_column width=&#8221;1\/2&#8243;][vc_column_text]MOONLIGHT\u2019\u0131n partneri olarak <a href=\"http:\/\/mlchukuk.com\" target=\"_blank\" rel=\"noopener\">MLC Hukuk ve Dan\u0131\u015fmanl\u0131k B\u00fcrosu<\/a>; i\u015fbirli\u011fi yapt\u0131\u011f\u0131 alan\u0131nda uzman ki\u015filer ile \u00fclkemizdeki ticari \u015firketlere hukuki \u00e7er\u00e7evede kurumsal dan\u0131\u015fmanl\u0131k yapmaktad\u0131r.<\/p>\n<p>T\u00fcrkiye\u2019de yat\u0131r\u0131m yapan yerli ve yabanc\u0131 \u015firketlere hukuk dan\u0131\u015fmanl\u0131\u011f\u0131 ve avukatl\u0131k hizmetleri veren <a href=\"http:\/\/mlchukuk.com\" target=\"_blank\" rel=\"noopener\">MLC Hukuk B\u00fcrosu<\/a>&#8216;nun tecr\u00fcbeli oldu\u011fu hukuk alanlar\u0131:<\/p>\n<ul>\n<li>Ticaret Hukuku<\/li>\n<li>Ki\u015fisel Verilerin Korunmas\u0131 Hukuku<\/li>\n<li>\u0130\u015f Hukuku<\/li>\n<li>Sosyal G\u00fcvenlik Hukuku<\/li>\n<li>Tazminat Hukuku<\/li>\n<li>Fikri M\u00fclkiyet Hukuku<\/li>\n<li>S\u00f6zle\u015fmeler Hukuku<\/li>\n<li>T\u00fcketici Hukuku<\/li>\n<li>Vergi Hukuku<\/li>\n<li>\u0130dare Hukuku<\/li>\n<li>\u0130cra ve \u0130flas Hukuku<\/li>\n<\/ul>\n<p>[\/vc_column_text][\/vc_column][vc_column width=&#8221;1\/2&#8243;][vc_single_image image=&#8221;123&#8243; img_size=&#8221;full&#8221;][\/vc_column][\/vc_row]<\/p>\n","protected":false},"excerpt":{"rendered":"<p>[vc_row][vc_column width=&#8221;1\/2&#8243;][vc_column_text]MOONLIGHT\u2019\u0131n partneri olarak MLC Hukuk ve Dan\u0131\u015fmanl\u0131k B\u00fcrosu; i\u015fbirli\u011fi yapt\u0131\u011f\u0131 alan\u0131nda uzman ki\u015filer ile \u00fclkemizdeki ticari \u015firketlere hukuki \u00e7er\u00e7evede kurumsal dan\u0131\u015fmanl\u0131k yapmaktad\u0131r. T\u00fcrkiye\u2019de yat\u0131r\u0131m yapan yerli ve yabanc\u0131 \u015firketlere hukuk dan\u0131\u015fmanl\u0131\u011f\u0131 ve avukatl\u0131k hizmetleri veren MLC Hukuk B\u00fcrosu&#8216;nun tecr\u00fcbeli oldu\u011fu hukuk alanlar\u0131: Ticaret Hukuku Ki\u015fisel Verilerin Korunmas\u0131 Hukuku \u0130\u015f Hukuku Sosyal G\u00fcvenlik Hukuku Tazminat&hellip;<\/p>\n","protected":false},"author":2,"featured_media":0,"parent":0,"menu_order":0,"comment_status":"closed","ping_status":"closed","template":"","meta":[],"class_list":["post-28","page","type-page","status-publish","hentry","description-off"],"_links":{"self":[{"href":"https:\/\/mlc.com.tr\/tr\/wp-json\/wp\/v2\/pages\/28","targetHints":{"allow":["GET"]}}],"collection":[{"href":"https:\/\/mlc.com.tr\/tr\/wp-json\/wp\/v2\/pages"}],"about":[{"href":"https:\/\/mlc.com.tr\/tr\/wp-json\/wp\/v2\/types\/page"}],"author":[{"embeddable":true,"href":"https:\/\/mlc.com.tr\/tr\/wp-json\/wp\/v2\/users\/2"}],"replies":[{"embeddable":true,"href":"https:\/\/mlc.com.tr\/tr\/wp-json\/wp\/v2\/comments?post=28"}],"version-history":[{"count":0,"href":"https:\/\/mlc.com.tr\/tr\/wp-json\/wp\/v2\/pages\/28\/revisions"}],"wp:attachment":[{"href":"https:\/\/mlc.com.tr\/tr\/wp-json\/wp\/v2\/media?parent=28"}],"curies":[{"name":"wp","href":"https:\/\/api.w.org\/{rel}","templated":true}]}}