{"id":25,"date":"2021-01-15T12:22:49","date_gmt":"2021-01-15T09:22:49","guid":{"rendered":"http:\/\/mlc.com.tr\/tr\/?page_id=25"},"modified":"2021-01-16T16:33:37","modified_gmt":"2021-01-16T13:33:37","slug":"alt-yuklenici-taseron-dosyalarinin-denetimi-ve-danismanligi","status":"publish","type":"page","link":"https:\/\/mlc.com.tr\/tr\/alt-yuklenici-taseron-dosyalarinin-denetimi-ve-danismanligi\/","title":{"rendered":"Alt Y\u00fcklenici Dosyalar\u0131n\u0131n Denetimi ve Dan\u0131\u015fmanl\u0131\u011f\u0131"},"content":{"rendered":"<p>[vc_row][vc_column][vc_column_text]\u00dcstlenilen bir i\u015f nedeniyle \u00fcst i\u015fveren dosyas\u0131 alt\u0131nda ve\/veya ba\u011f\u0131ms\u0131z bir dosya a\u00e7mak suretiyle i\u015fyeri dosyas\u0131 a\u00e7t\u0131ran\/a\u00e7an \u00fcst i\u015fveren ve alt i\u015fveren dosyalar\u0131na y\u00f6nelik olarak;<\/p>\n<p>Ta\u015feron dosyalar\u0131n\u0131n; 5510 say\u0131l\u0131 Sosyal Sigortalar ve Genel Sa\u011fl\u0131k Sigortas\u0131 Kanunu, 4857 say\u0131l\u0131 \u0130\u015f Kanunu, 6331 say\u0131l\u0131 \u0130\u015f Sa\u011fl\u0131\u011f\u0131 ve G\u00fcvenli\u011fi Kanunu, 6102 say\u0131l\u0131 T\u00fcrk Ticaret Kanunu ve 6098 say\u0131l\u0131 T\u00fcrk Bor\u00e7lar Kanunu kapsam\u0131na uygun olarak denetlenmesini ve denetim sonucunda olu\u015fabilecek riskler konusunda \u00fcst ve alt i\u015fverenleri bilgilendirmeyi ve y\u00f6nlendirmeyi hedeflemekteyiz.[\/vc_column_text][vc_single_image image=&#8221;112&#8243; img_size=&#8221;full&#8221; alignment=&#8221;center&#8221;][\/vc_column][\/vc_row]<\/p>\n","protected":false},"excerpt":{"rendered":"<p>[vc_row][vc_column][vc_column_text]\u00dcstlenilen bir i\u015f nedeniyle \u00fcst i\u015fveren dosyas\u0131 alt\u0131nda ve\/veya ba\u011f\u0131ms\u0131z bir dosya a\u00e7mak suretiyle i\u015fyeri dosyas\u0131 a\u00e7t\u0131ran\/a\u00e7an \u00fcst i\u015fveren ve alt i\u015fveren dosyalar\u0131na y\u00f6nelik olarak; Ta\u015feron dosyalar\u0131n\u0131n; 5510 say\u0131l\u0131 Sosyal Sigortalar ve Genel Sa\u011fl\u0131k Sigortas\u0131 Kanunu, 4857 say\u0131l\u0131 \u0130\u015f Kanunu, 6331 say\u0131l\u0131 \u0130\u015f Sa\u011fl\u0131\u011f\u0131 ve G\u00fcvenli\u011fi Kanunu, 6102 say\u0131l\u0131 T\u00fcrk Ticaret Kanunu ve 6098 say\u0131l\u0131&hellip;<\/p>\n","protected":false},"author":2,"featured_media":0,"parent":0,"menu_order":0,"comment_status":"closed","ping_status":"closed","template":"","meta":[],"class_list":["post-25","page","type-page","status-publish","hentry","description-off"],"_links":{"self":[{"href":"https:\/\/mlc.com.tr\/tr\/wp-json\/wp\/v2\/pages\/25","targetHints":{"allow":["GET"]}}],"collection":[{"href":"https:\/\/mlc.com.tr\/tr\/wp-json\/wp\/v2\/pages"}],"about":[{"href":"https:\/\/mlc.com.tr\/tr\/wp-json\/wp\/v2\/types\/page"}],"author":[{"embeddable":true,"href":"https:\/\/mlc.com.tr\/tr\/wp-json\/wp\/v2\/users\/2"}],"replies":[{"embeddable":true,"href":"https:\/\/mlc.com.tr\/tr\/wp-json\/wp\/v2\/comments?post=25"}],"version-history":[{"count":0,"href":"https:\/\/mlc.com.tr\/tr\/wp-json\/wp\/v2\/pages\/25\/revisions"}],"wp:attachment":[{"href":"https:\/\/mlc.com.tr\/tr\/wp-json\/wp\/v2\/media?parent=25"}],"curies":[{"name":"wp","href":"https:\/\/api.w.org\/{rel}","templated":true}]}}