{"id":24,"date":"2021-01-15T12:22:16","date_gmt":"2021-01-15T09:22:16","guid":{"rendered":"http:\/\/mlc.com.tr\/tr\/?page_id=24"},"modified":"2021-01-17T00:07:23","modified_gmt":"2021-01-16T21:07:23","slug":"risk-ve-denetim-faaliyetleri","status":"publish","type":"page","link":"https:\/\/mlc.com.tr\/tr\/risk-ve-denetim-faaliyetleri\/","title":{"rendered":"Risk ve Denetim Faaliyetleri"},"content":{"rendered":"<p>[vc_row][vc_column][vc_column_text]\u0130\u015fyerlerine belirli aral\u0131klarla yap\u0131lacak denetimle;<\/p>\n<ul>\n<li>\u00c7al\u0131\u015fma mevzuat\u0131na ayk\u0131r\u0131 olarak yersiz prim \u00f6demelerinin tespit edilmesini,<\/li>\n<li>4857 say\u0131l\u0131 Yasa, 5510 say\u0131l\u0131 Yasa ve 6331 say\u0131l\u0131 Yasa mevzuat\u0131 \u00e7er\u00e7evesinde \u00f6zl\u00fck dosyas\u0131ndaki eksik ve\/veya yanl\u0131\u015flar\u0131n tespit edilmesini,<\/li>\n<\/ul>\n<p>ve tespiti yap\u0131lan risklerin bertaraf edilmesini hedeflemekteyiz. Risk ve denetim faaliyeti sonucunda edindi\u011fimiz deneyimlerimizi, fark\u0131ndal\u0131k olmas\u0131 amac\u0131yla, \u015firketlerin \u0130nsan Kaynaklar\u0131, Finans ve Hukuk departmanlar\u0131na aktarmaktay\u0131z.[\/vc_column_text][vc_single_image image=&#8221;119&#8243; img_size=&#8221;full&#8221;][\/vc_column][\/vc_row]<\/p>\n","protected":false},"excerpt":{"rendered":"<p>[vc_row][vc_column][vc_column_text]\u0130\u015fyerlerine belirli aral\u0131klarla yap\u0131lacak denetimle; \u00c7al\u0131\u015fma mevzuat\u0131na ayk\u0131r\u0131 olarak yersiz prim \u00f6demelerinin tespit edilmesini, 4857 say\u0131l\u0131 Yasa, 5510 say\u0131l\u0131 Yasa ve 6331 say\u0131l\u0131 Yasa mevzuat\u0131 \u00e7er\u00e7evesinde \u00f6zl\u00fck dosyas\u0131ndaki eksik ve\/veya yanl\u0131\u015flar\u0131n tespit edilmesini, ve tespiti yap\u0131lan risklerin bertaraf edilmesini hedeflemekteyiz. Risk ve denetim faaliyeti sonucunda edindi\u011fimiz deneyimlerimizi, fark\u0131ndal\u0131k olmas\u0131 amac\u0131yla, \u015firketlerin \u0130nsan Kaynaklar\u0131, Finans ve&hellip;<\/p>\n","protected":false},"author":2,"featured_media":0,"parent":0,"menu_order":0,"comment_status":"closed","ping_status":"closed","template":"","meta":[],"class_list":["post-24","page","type-page","status-publish","hentry","description-off"],"_links":{"self":[{"href":"https:\/\/mlc.com.tr\/tr\/wp-json\/wp\/v2\/pages\/24","targetHints":{"allow":["GET"]}}],"collection":[{"href":"https:\/\/mlc.com.tr\/tr\/wp-json\/wp\/v2\/pages"}],"about":[{"href":"https:\/\/mlc.com.tr\/tr\/wp-json\/wp\/v2\/types\/page"}],"author":[{"embeddable":true,"href":"https:\/\/mlc.com.tr\/tr\/wp-json\/wp\/v2\/users\/2"}],"replies":[{"embeddable":true,"href":"https:\/\/mlc.com.tr\/tr\/wp-json\/wp\/v2\/comments?post=24"}],"version-history":[{"count":0,"href":"https:\/\/mlc.com.tr\/tr\/wp-json\/wp\/v2\/pages\/24\/revisions"}],"wp:attachment":[{"href":"https:\/\/mlc.com.tr\/tr\/wp-json\/wp\/v2\/media?parent=24"}],"curies":[{"name":"wp","href":"https:\/\/api.w.org\/{rel}","templated":true}]}}