{"id":22,"date":"2021-01-15T12:21:15","date_gmt":"2021-01-15T09:21:15","guid":{"rendered":"http:\/\/mlc.com.tr\/tr\/?page_id=22"},"modified":"2021-01-17T00:06:42","modified_gmt":"2021-01-16T21:06:42","slug":"tesvik-danismanligi","status":"publish","type":"page","link":"https:\/\/mlc.com.tr\/tr\/tesvik-danismanligi\/","title":{"rendered":"Te\u015fvik Dan\u0131\u015fmanl\u0131\u011f\u0131"},"content":{"rendered":"<p>[vc_row][vc_column][vc_column_text]Kamu hukuku mevzuat\u0131n\u0131n \u00f6ng\u00f6rd\u00fc\u011f\u00fc devlet te\u015fviklerinden \u015firketlerimizi maksimum \u015fekilde yararland\u0131rmay\u0131 hedef ediniyoruz. Buna g\u00f6re;<\/p>\n<ul>\n<li>\u00c7al\u0131\u015fma mevzuat\u0131n\u0131n \u00f6ng\u00f6rd\u00fc\u011f\u00fc istihdam te\u015fviklerinden(6111, 17103, 27103, 2752, 14857, 17256, 27256 kodlu te\u015fvikler) i\u015fvereni yararland\u0131rmay\u0131,<\/li>\n<li>Yat\u0131r\u0131m te\u015fvik belgesi kapsam\u0131ndaki istisnalardan ve AR-GE te\u015fviklerinden yararland\u0131rmay\u0131,<\/li>\n<li>\u0130hracat te\u015fviklerinden(istisnalardan) yararland\u0131rmay\u0131,<\/li>\n<li>\u015eartlar\u0131 uygun ise KOSGEP te\u015fviklerinden yararland\u0131rmay\u0131,<\/li>\n<li>Birden fazla te\u015fvik aras\u0131ndan en kazan\u00e7l\u0131 olan\u0131ndan yararland\u0131rmay\u0131,<\/li>\n<li>\u0130\u015fyeri personel s\u00fcre\u00e7lerinin, te\u015fviklerden en fazla yararlanmaya imkan verecek \u015fekilde y\u00f6netilmesini,<\/li>\n<li>Yararlanma s\u00fcresi bitmi\u015f veya sonradan tespiti yap\u0131lan te\u015fviklerden geriye do\u011fru yararland\u0131rmay\u0131<\/li>\n<\/ul>\n<p>Hedeflemekteyiz.[\/vc_column_text][vc_single_image image=&#8221;116&#8243; img_size=&#8221;full&#8221;][\/vc_column][\/vc_row]<\/p>\n","protected":false},"excerpt":{"rendered":"<p>[vc_row][vc_column][vc_column_text]Kamu hukuku mevzuat\u0131n\u0131n \u00f6ng\u00f6rd\u00fc\u011f\u00fc devlet te\u015fviklerinden \u015firketlerimizi maksimum \u015fekilde yararland\u0131rmay\u0131 hedef ediniyoruz. Buna g\u00f6re; \u00c7al\u0131\u015fma mevzuat\u0131n\u0131n \u00f6ng\u00f6rd\u00fc\u011f\u00fc istihdam te\u015fviklerinden(6111, 17103, 27103, 2752, 14857, 17256, 27256 kodlu te\u015fvikler) i\u015fvereni yararland\u0131rmay\u0131, Yat\u0131r\u0131m te\u015fvik belgesi kapsam\u0131ndaki istisnalardan ve AR-GE te\u015fviklerinden yararland\u0131rmay\u0131, \u0130hracat te\u015fviklerinden(istisnalardan) yararland\u0131rmay\u0131, \u015eartlar\u0131 uygun ise KOSGEP te\u015fviklerinden yararland\u0131rmay\u0131, Birden fazla te\u015fvik aras\u0131ndan en kazan\u00e7l\u0131 olan\u0131ndan yararland\u0131rmay\u0131,&hellip;<\/p>\n","protected":false},"author":2,"featured_media":0,"parent":0,"menu_order":0,"comment_status":"closed","ping_status":"closed","template":"","meta":[],"class_list":["post-22","page","type-page","status-publish","hentry","description-off"],"_links":{"self":[{"href":"https:\/\/mlc.com.tr\/tr\/wp-json\/wp\/v2\/pages\/22","targetHints":{"allow":["GET"]}}],"collection":[{"href":"https:\/\/mlc.com.tr\/tr\/wp-json\/wp\/v2\/pages"}],"about":[{"href":"https:\/\/mlc.com.tr\/tr\/wp-json\/wp\/v2\/types\/page"}],"author":[{"embeddable":true,"href":"https:\/\/mlc.com.tr\/tr\/wp-json\/wp\/v2\/users\/2"}],"replies":[{"embeddable":true,"href":"https:\/\/mlc.com.tr\/tr\/wp-json\/wp\/v2\/comments?post=22"}],"version-history":[{"count":0,"href":"https:\/\/mlc.com.tr\/tr\/wp-json\/wp\/v2\/pages\/22\/revisions"}],"wp:attachment":[{"href":"https:\/\/mlc.com.tr\/tr\/wp-json\/wp\/v2\/media?parent=22"}],"curies":[{"name":"wp","href":"https:\/\/api.w.org\/{rel}","templated":true}]}}