{"id":20,"date":"2021-01-15T12:20:06","date_gmt":"2021-01-15T09:20:06","guid":{"rendered":"http:\/\/mlc.com.tr\/tr\/?page_id=20"},"modified":"2021-10-07T17:09:31","modified_gmt":"2021-10-07T14:09:31","slug":"yonetsel-danismanlik","status":"publish","type":"page","link":"https:\/\/mlc.com.tr\/tr\/yonetsel-danismanlik\/","title":{"rendered":"Y\u00f6netsel Dan\u0131\u015fmanl\u0131k Hizmetleri"},"content":{"rendered":"<p>[vc_row][vc_column][vc_single_image image=&#8221;121&#8243; img_size=&#8221;full&#8221;][vc_column_text]Y\u00f6netsel dan\u0131\u015fmanl\u0131k faaliyetleri kapsam\u0131nda, \u015firketlerde \u00f6zel olarak denetimler yap\u0131lmaktad\u0131r. Yap\u0131lan denetimler neticesinde, \u015firketlerde var alan yetersizliklerin tespit edilmesi ve tespit edilen yetersizliklerin bertaraf edilmesi i\u00e7in \u015firkete rapor sunulmaktad\u0131r.[\/vc_column_text][\/vc_column][\/vc_row]<\/p>\n","protected":false},"excerpt":{"rendered":"<p>[vc_row][vc_column][vc_single_image image=&#8221;121&#8243; img_size=&#8221;full&#8221;][vc_column_text]Y\u00f6netsel dan\u0131\u015fmanl\u0131k faaliyetleri kapsam\u0131nda, \u015firketlerde \u00f6zel olarak denetimler yap\u0131lmaktad\u0131r. Yap\u0131lan denetimler neticesinde, \u015firketlerde var alan yetersizliklerin tespit edilmesi ve tespit edilen yetersizliklerin bertaraf edilmesi i\u00e7in \u015firkete rapor sunulmaktad\u0131r.[\/vc_column_text][\/vc_column][\/vc_row]<\/p>\n","protected":false},"author":2,"featured_media":0,"parent":0,"menu_order":0,"comment_status":"closed","ping_status":"closed","template":"","meta":[],"class_list":["post-20","page","type-page","status-publish","hentry","description-off"],"_links":{"self":[{"href":"https:\/\/mlc.com.tr\/tr\/wp-json\/wp\/v2\/pages\/20","targetHints":{"allow":["GET"]}}],"collection":[{"href":"https:\/\/mlc.com.tr\/tr\/wp-json\/wp\/v2\/pages"}],"about":[{"href":"https:\/\/mlc.com.tr\/tr\/wp-json\/wp\/v2\/types\/page"}],"author":[{"embeddable":true,"href":"https:\/\/mlc.com.tr\/tr\/wp-json\/wp\/v2\/users\/2"}],"replies":[{"embeddable":true,"href":"https:\/\/mlc.com.tr\/tr\/wp-json\/wp\/v2\/comments?post=20"}],"version-history":[{"count":0,"href":"https:\/\/mlc.com.tr\/tr\/wp-json\/wp\/v2\/pages\/20\/revisions"}],"wp:attachment":[{"href":"https:\/\/mlc.com.tr\/tr\/wp-json\/wp\/v2\/media?parent=20"}],"curies":[{"name":"wp","href":"https:\/\/api.w.org\/{rel}","templated":true}]}}