{"id":10,"date":"2021-01-15T11:51:47","date_gmt":"2021-01-15T08:51:47","guid":{"rendered":"http:\/\/mlc.com.tr\/tr\/?page_id=10"},"modified":"2021-10-06T15:50:32","modified_gmt":"2021-10-06T12:50:32","slug":"hakkimizda","status":"publish","type":"page","link":"https:\/\/mlc.com.tr\/tr\/hakkimizda\/","title":{"rendered":"Hakk\u0131m\u0131zda"},"content":{"rendered":"<p>[vc_row bg_type=&#8221;bg_color&#8221; bg_override=&#8221;full&#8221;][vc_column][vc_column_text]<strong>MLC Dan\u0131\u015fmanl\u0131k A.\u015e,<\/strong> 19.02.2019 y\u0131l\u0131nda kurulmu\u015f olup, marka ad\u0131 MOONLIGHT olan ve ticari alanda faaliyet g\u00f6steren bir t\u00fczel ki\u015fidir. MOONLIGHT, faaliyet konusunu \u015firket esas s\u00f6zle\u015fmesinden almaktad\u0131r. MOONLIGHT, yapt\u0131\u011f\u0131 dan\u0131\u015fmanl\u0131k hizmetinin hukuki boyutuna \u00e7ok \u00f6nem vermektedir. Bu nedenle MOONLIGHT, MLC Hukuk ve Dan\u0131\u015fmanl\u0131k B\u00fcrosu ile i\u015fbirli\u011fi yapmaktad\u0131r.[\/vc_column_text][\/vc_column][\/vc_row][vc_row margin_bottom=&#8221;-35px&#8221;][vc_column width=&#8221;1\/2&#8243;][vc_column_text]<strong>MOONLIGHT\u2019\u0131n esas s\u00f6zle\u015fme ile belirlenen faaliyet alan\u0131 \u00f6zetle \u015fu \u015fekildedir:<\/strong><\/p>\n<ul>\n<li>Yurt i\u00e7inde ve yurt d\u0131\u015f\u0131nda mukim yerli-yabanc\u0131 \u00f6zel kurulu\u015flar dahil her t\u00fcrl\u00fc ger\u00e7ek ve t\u00fczel ki\u015filere; i\u015fletme ve di\u011fer idari dan\u0131\u015fmanl\u0131k faaliyetleri vermek.<\/li>\n<li>\u0130dari team\u00fcle ve hukuki mevzuata uygun olarak y\u00f6netsel personel i\u015flemleri(<em>\u0130K, Muhasebe, Faturalama servisi<\/em>) yapmak.<\/li>\n<li>Kamu hukuku mevzuat\u0131 gere\u011fince verilen devlet te\u015fviklerinden(<em>Yat\u0131r\u0131m te\u015fvikleri, istihdam te\u015fvikleri, AR-GE te\u015fvikleri, ihracat te\u015fvikleri, di\u011fer Bakanl\u0131k te\u015fvikleri<\/em>) yararland\u0131rmak.<\/li>\n<li>\u00c7al\u0131\u015fma mevzuat\u0131na ve idarenin denetim rehberine g\u00f6re risk ve uygunluk denetimi (<em>i\u015fe giri\u015f-i\u015ften \u00e7\u0131k\u0131\u015f, i\u015f kazas\u0131, meslek hastal\u0131\u011f\u0131, \u00f6zl\u00fck dosyas\u0131 denetimi, performans de\u011ferleme raporlar\u0131n\u0131n incelenmesi, i\u015f\u00e7ilik alacaklar\u0131 hesaplama raporlar\u0131n\u0131n haz\u0131rlanmas\u0131, i\u015f ve sosyal g\u00fcvenlik mevzuat\u0131ndan kaynaklanan idari veya yarg\u0131sal s\u00fcre\u00e7lerin y\u00f6netimi<\/em>) yapmak.<\/li>\n<li>\u0130\u015f Hukuku, Sosyal G\u00fcvenlik hukuku, Tazminat Hukuku ve Ticaret Hukuku mevzuat\u0131 gere\u011fince R\u00fccu i\u015flemlerine konu olan Ta\u015feron(alt y\u00fcklenici) dosyalar\u0131n\u0131n, hukuka ve idari team\u00fcle uygun y\u00fcr\u00fct\u00fclmesini sa\u011flamak.<\/li>\n<li>\u015eirket personeli i\u00e7in e\u011fitim ve\/veya seminer vermek.<\/li>\n<\/ul>\n<p>[\/vc_column_text][\/vc_column][vc_column width=&#8221;1\/2&#8243;][vc_single_image image=&#8221;72&#8243; img_size=&#8221;full&#8221; css=&#8221;.vc_custom_1610715323888{margin-top: 0px !important;}&#8221;][\/vc_column][\/vc_row][vc_row][vc_column][vc_column_text]<strong>MLC Hukuk ve Dan\u0131\u015fmanl\u0131k B\u00fcrosu\u2019nun faaliyet alan\u0131 \u00f6zetle \u015fu \u015fekildedir:<\/strong><\/p>\n<ul>\n<li>Ticaret Hukuku mevzuat\u0131 dan\u0131\u015fmanl\u0131\u011f\u0131 ile Ticaret Hukuku mevzuat\u0131 uyu\u015fmazl\u0131\u011f\u0131ndan kaynaklanan davalar<\/li>\n<li>Ki\u015fisel Verilerin Korunmas\u0131 Hukuku dan\u0131\u015fmanl\u0131\u011f\u0131<\/li>\n<li>\u0130\u015f ve Sosyal G\u00fcvenlik Hukuku mevzuat\u0131 dan\u0131\u015fmanl\u0131\u011f\u0131 ile \u0130\u015f ve Sosyal G\u00fcvenlik Hukuku mevzuat\u0131 uyu\u015fmazl\u0131\u011f\u0131ndan kaynaklanan davalar<\/li>\n<li>Vergi Hukuku uyu\u015fmazl\u0131\u011f\u0131ndan kaynaklanan davalar<\/li>\n<li>Fikri M\u00fclkiyet Hukuku mevzuat\u0131 dan\u0131\u015fmanl\u0131\u011f\u0131 ile Fikri M\u00fclkiyet Hukuku mevzuat\u0131 uyu\u015fmazl\u0131\u011f\u0131ndan kaynaklanan davalar<\/li>\n<li>S\u00f6zle\u015fmeler Hukuku dan\u0131\u015fmanl\u0131\u011f\u0131<\/li>\n<li>\u0130dare Hukuku mevzuat\u0131 uyu\u015fmazl\u0131\u011f\u0131ndan kaynaklanan davalar<\/li>\n<li>T\u00fcketici Hukuku mevzuat\u0131 uyu\u015fmazl\u0131\u011f\u0131ndan kaynaklanan davalar<\/li>\n<\/ul>\n<p>[\/vc_column_text][\/vc_column][\/vc_row]<\/p>\n","protected":false},"excerpt":{"rendered":"<p>[vc_row bg_type=&#8221;bg_color&#8221; bg_override=&#8221;full&#8221;][vc_column][vc_column_text]MLC Dan\u0131\u015fmanl\u0131k A.\u015e, 19.02.2019 y\u0131l\u0131nda kurulmu\u015f olup, marka ad\u0131 MOONLIGHT olan ve ticari alanda faaliyet g\u00f6steren bir t\u00fczel ki\u015fidir. MOONLIGHT, faaliyet konusunu \u015firket esas s\u00f6zle\u015fmesinden almaktad\u0131r. MOONLIGHT, yapt\u0131\u011f\u0131 dan\u0131\u015fmanl\u0131k hizmetinin hukuki boyutuna \u00e7ok \u00f6nem vermektedir. Bu nedenle MOONLIGHT, MLC Hukuk ve Dan\u0131\u015fmanl\u0131k B\u00fcrosu ile i\u015fbirli\u011fi yapmaktad\u0131r.[\/vc_column_text][\/vc_column][\/vc_row][vc_row margin_bottom=&#8221;-35px&#8221;][vc_column width=&#8221;1\/2&#8243;][vc_column_text]MOONLIGHT\u2019\u0131n esas s\u00f6zle\u015fme ile belirlenen faaliyet&hellip;<\/p>\n","protected":false},"author":2,"featured_media":0,"parent":0,"menu_order":0,"comment_status":"closed","ping_status":"closed","template":"","meta":[],"class_list":["post-10","page","type-page","status-publish","hentry","description-off"],"_links":{"self":[{"href":"https:\/\/mlc.com.tr\/tr\/wp-json\/wp\/v2\/pages\/10","targetHints":{"allow":["GET"]}}],"collection":[{"href":"https:\/\/mlc.com.tr\/tr\/wp-json\/wp\/v2\/pages"}],"about":[{"href":"https:\/\/mlc.com.tr\/tr\/wp-json\/wp\/v2\/types\/page"}],"author":[{"embeddable":true,"href":"https:\/\/mlc.com.tr\/tr\/wp-json\/wp\/v2\/users\/2"}],"replies":[{"embeddable":true,"href":"https:\/\/mlc.com.tr\/tr\/wp-json\/wp\/v2\/comments?post=10"}],"version-history":[{"count":0,"href":"https:\/\/mlc.com.tr\/tr\/wp-json\/wp\/v2\/pages\/10\/revisions"}],"wp:attachment":[{"href":"https:\/\/mlc.com.tr\/tr\/wp-json\/wp\/v2\/media?parent=10"}],"curies":[{"name":"wp","href":"https:\/\/api.w.org\/{rel}","templated":true}]}}